{"id":42,"date":"2007-01-28T22:43:53","date_gmt":"2007-01-28T21:43:53","guid":{"rendered":"http:\/\/boogie-alligators.de\/?page_id=42"},"modified":"2025-04-14T20:18:13","modified_gmt":"2025-04-14T19:18:13","slug":"alligators-ii","status":"publish","type":"page","link":"https:\/\/boogie-alligators.de\/wordpress\/","title":{"rendered":"Boogie Alligators"},"content":{"rendered":"<p>Vor \u00fcber 30 Jahren fand die Geschichte der Boogie Alligators ihren Anfang: 1994 haben einige Eltern Rock\u00b4n\u00b4Roll tanzender Kinder durch einen Workshop von Astrid und Torsten Hilz aus Lippstadt Gefallen am Boogie Woogie gefunden \u2013 die Boogie Alligators waren geboren. Ein Jahr sp\u00e4ter wurden wir als eigene Abteilung in den Rock\u00b4n\u00b4Roll-Club RCC High Fly Dortmund aufgenommen.<\/p>\n<div id=\"attachment_1986\" style=\"width: 590px\" class=\"wp-caption aligncenter\"><a href=\"http:\/\/boogie-alligators.de\/wordpress\/wp-content\/uploads\/2014\/11\/BOOGIE2.jpg\"><img loading=\"lazy\" decoding=\"async\" aria-describedby=\"caption-attachment-1986\" class=\"size-large wp-image-1986\" src=\"http:\/\/boogie-alligators.de\/wordpress\/wp-content\/uploads\/2014\/11\/BOOGIE2-1024x636.jpg\" alt=\"Alligators Mai 1996\" width=\"580\" height=\"360\" srcset=\"https:\/\/boogie-alligators.de\/wordpress\/wp-content\/uploads\/2014\/11\/BOOGIE2-1024x636.jpg 1024w, https:\/\/boogie-alligators.de\/wordpress\/wp-content\/uploads\/2014\/11\/BOOGIE2-300x186.jpg 300w, https:\/\/boogie-alligators.de\/wordpress\/wp-content\/uploads\/2014\/11\/BOOGIE2.jpg 1236w\" sizes=\"auto, (max-width: 580px) 100vw, 580px\" \/><\/a><p id=\"caption-attachment-1986\" class=\"wp-caption-text\">Boogie-Alligators Mai 1996<\/p><\/div>\n<p>Als der Wunsch eine \u201erichtige\u201c Formation zu tanzen in uns keimte, engagierten wir im Herbst 1997 als Formationstrainer die damals amtierenden Boogie Weltmeister Andrea Schiffer und Michael Grimm.<br \/>\nZu den Gr\u00fcnder-Alligators geh\u00f6rten 8 Paare im Alter von 13 bis 50 Jahren, f\u00fcr die der Spa\u00df am Tanzen im Vordergrund stand. Ab 1999 trainierten wir unter der Leitung von Ariane und Dirk Teilmans. Mit der Zeit \u00e4nderten sich die Interessen einzelner Paare und es wurde immer schwieriger, gemeinsame Trainingstermine zu finden. Deshalb haben wir Weihnachten 2000 beschlossen, die Boogie Alligators aufzul\u00f6sen.<\/p>\n<p>Susanne und J\u00fcrgen blieben dem Verein als einziges Boogie Paar treu &#8211; trainierten und tanzten allerdings in Moers bei den Hepcats und wurden im Herbst 2002 Deutscher Meister.<\/p>\n<p>Doch lange konnten sie auch in Dortmund die F\u00fc\u00dfe nicht stillhalten. Trainierten hier eine erwachsen gewordene Rock\u2019n\u2019Roll Weltmeister Formation und begleiteten diese bei der Transformation zur Boogie Show Formation. So wurde bereits 2005 die Geschichte der Alligators fortgeschrieben. Nach einem Workshop im Februar 2006 beschlossen weitere Boogie-begeisterte Paare, k\u00fcnftig regelm\u00e4\u00dfig zu trainieren. Susanne und J\u00fcrgen Schwiderski stellten sich als Trainer zur Verf\u00fcgung und von Stund\u2019 an hatte der RnR Club HighFly wieder eine Swingdance-Abteilung.<\/p>\n<div id=\"attachment_2122\" style=\"width: 590px\" class=\"wp-caption aligncenter\"><a href=\"http:\/\/boogie-alligators.de\/wordpress\/wp-content\/uploads\/Alligators-Feb2015.jpg\"><img loading=\"lazy\" decoding=\"async\" aria-describedby=\"caption-attachment-2122\" class=\"size-large wp-image-2122\" src=\"http:\/\/boogie-alligators.de\/wordpress\/wp-content\/uploads\/Alligators-Feb2015-1024x769.jpg\" alt=\"Alligators Feb2015\" width=\"580\" height=\"436\" srcset=\"https:\/\/boogie-alligators.de\/wordpress\/wp-content\/uploads\/Alligators-Feb2015-1024x769.jpg 1024w, https:\/\/boogie-alligators.de\/wordpress\/wp-content\/uploads\/Alligators-Feb2015-300x225.jpg 300w, https:\/\/boogie-alligators.de\/wordpress\/wp-content\/uploads\/Alligators-Feb2015.jpg 1439w\" sizes=\"auto, (max-width: 580px) 100vw, 580px\" \/><\/a><p id=\"caption-attachment-2122\" class=\"wp-caption-text\">Alligators Feb. 2015<\/p><\/div>\n<p>Die Gruppe bekam rasch Zuwachs \u2013 sowohl im Ruhrpott als auch im Sauerland hatte sich herumgesprochen, dass keiner den Wechselschritt so anschaulich erkl\u00e4rt wie die beiden \u201eSchwidis\u201c. Aus blutigen Anf\u00e4ngern sind innerhalb kurzer Zeit recht passable T\u00e4nzer geworden. Aber auch die Paare, die bereits Boogie-Erfahrung mitbrachten, lernen dazu: Neue Schrittkombinationen und Figuren werden ge\u00fcbt, bis alles sitzt und der Kopf nicht mehr dar\u00fcber nachdenken muss, was die F\u00fc\u00dfe zu tun haben. \u201eOhne Schwei\u00df kein Preis\u201d \u2013 doch bei all dem steht nat\u00fcrlich der Spa\u00df an der Sache und die Freude am Tanzen im Vordergrund!<\/p>\n","protected":false},"excerpt":{"rendered":"<p>Vor \u00fcber 30 Jahren fand die Geschichte der Boogie Alligators ihren Anfang: 1994 haben einige Eltern Rock\u00b4n\u00b4Roll tanzender Kinder durch einen Workshop von Astrid und Torsten Hilz aus Lippstadt Gefallen am Boogie Woogie gefunden \u2013 die Boogie Alligators waren geboren. Ein Jahr sp\u00e4ter wurden wir als eigene Abteilung in den Rock\u00b4n\u00b4Roll-Club RCC High Fly Dortmund [&hellip;]<\/p>\n","protected":false},"author":11,"featured_media":0,"parent":0,"menu_order":1,"comment_status":"closed","ping_status":"closed","template":"","meta":{"footnotes":""},"class_list":["post-42","page","type-page","status-publish","hentry"],"_links":{"self":[{"href":"https:\/\/boogie-alligators.de\/wordpress\/wp-json\/wp\/v2\/pages\/42","targetHints":{"allow":["GET"]}}],"collection":[{"href":"https:\/\/boogie-alligators.de\/wordpress\/wp-json\/wp\/v2\/pages"}],"about":[{"href":"https:\/\/boogie-alligators.de\/wordpress\/wp-json\/wp\/v2\/types\/page"}],"author":[{"embeddable":true,"href":"https:\/\/boogie-alligators.de\/wordpress\/wp-json\/wp\/v2\/users\/11"}],"replies":[{"embeddable":true,"href":"https:\/\/boogie-alligators.de\/wordpress\/wp-json\/wp\/v2\/comments?post=42"}],"version-history":[{"count":48,"href":"https:\/\/boogie-alligators.de\/wordpress\/wp-json\/wp\/v2\/pages\/42\/revisions"}],"predecessor-version":[{"id":3127,"href":"https:\/\/boogie-alligators.de\/wordpress\/wp-json\/wp\/v2\/pages\/42\/revisions\/3127"}],"wp:attachment":[{"href":"https:\/\/boogie-alligators.de\/wordpress\/wp-json\/wp\/v2\/media?parent=42"}],"curies":[{"name":"wp","href":"https:\/\/api.w.org\/{rel}","templated":true}]}}