{"id":2026,"date":"2014-12-06T23:31:20","date_gmt":"2014-12-06T22:31:20","guid":{"rendered":"http:\/\/boogie-alligators.de\/?page_id=2026"},"modified":"2022-08-05T09:51:01","modified_gmt":"2022-08-05T08:51:01","slug":"boogie-woogie","status":"publish","type":"page","link":"https:\/\/boogie-alligators.de\/wordpress\/boogie-woogie\/","title":{"rendered":"Boogie Woogie"},"content":{"rendered":"<p>Boogie Woogie ist in den 1940er Jahren in den USA aus dem East Coast Swing entstanden. Nach dem Zweiten Weltkrieg brachten amerikanische Soldaten den Tanz nach Europa, wo er schnell die Jugend begeisterte, aber aufgrund des damaligen Zeitgeistes und der gr\u00f6\u00dftenteils schwarzen Wurzeln in die Hinterzimmer der Tanzschulen und Bars verbannt wurde. Die weitgehende Verdr\u00e4ngung des Tanzes aus der \u00d6ffentlichkeit fand erst ein Ende, als der Film \u201eAu\u00dfer Rand und Band\u201c 1956 in die deutschen Kinos kam und sich die Gesellschaft f\u00fcr Boogie Woogie \u00f6ffnete.<\/p>\n<p><iframe loading=\"lazy\" width=\"600\" height=\"337\" src=\"https:\/\/www.youtube.com\/embed\/jGHg9-8Q0es\" title=\"BOOGIE WOOGIE Improv Firebirds Festival - Sondre &amp; Tanya\" frameborder=\"0\" allow=\"accelerometer; autoplay; clipboard-write; encrypted-media; gyroscope; picture-in-picture\" allowfullscreen=\"\"><\/iframe><\/p>\n<p>Im Laufe seiner Geschichte hat sich der Name des Tanzes h\u00e4ufig gewandelt: W\u00e4hrend bis Mitte der 1950er Jahre neben der Bezeichnung \u201eJitterbug\u201c auch \u201eBoogie-Woogie\u201c \u00fcblich war, kam mit dem Ende der 1950er Jahre die Bezeichnung \u201eRock \u2019n\u2019 Roll\u201c auf. Sp\u00e4ter ging man dann dazu \u00fcber, die Begriffe \u201eRock \u2019n\u2019 Roll\u201c und \u201eBoogie-Woogie\u201c klar zu trennen, um Verwechslungen zwischen dem akrobatischen Sport-Rock-\u2019n\u2019-Roll und dem zun\u00e4chst ohne Akrobatik unterrichteten \u201eBoogie-Woogie\u201c zu vermeiden.<\/p>\n<p><iframe loading=\"lazy\" width=\"600\" height=\"335\" src=\"https:\/\/www.youtube.com\/embed\/4I-Gj7tRzGg\" title=\"Rock and roll dance impro live music - Dimitri &amp; Alexsia Swingfly Dance 2022\" frameborder=\"0\" allow=\"accelerometer; autoplay; clipboard-write; encrypted-media; gyroscope; picture-in-picture\" allowfullscreen=\"\"><\/iframe><\/p>\n<p>Der Rock \u2019n\u2019 Roll-Tanz hat sich aus dem Boogie Woogie entwickelt. Der wesentliche Unterschied zu Rock \u2019n\u2019 Roll besteht darin, dass beim urspr\u00fcnglichen Boogie-Woogie kein einstudiertes Programm, sondern v\u00f6llig frei zur Musik getanzt wurde. Auch werden weniger akrobatische Figuren wie z. B. Salti, Rotations- oder Hebefiguren getanzt.<\/p>\n<p>In unserem Verein RCC High Fly wird sowohl Boogie Woogie als auch Rock \u2019n\u2019 Roll angeboten. Weitere Infos zum Rock \u2019n\u2019 Roll findet ihr unter <a href=\"http:\/\/rrchighfly.de\" target=\"_blank\" rel=\"noopener\">rrchighfly.de<\/a>.<\/p>\n","protected":false},"excerpt":{"rendered":"<p>Boogie Woogie ist in den 1940er Jahren in den USA aus dem East Coast Swing entstanden. Nach dem Zweiten Weltkrieg brachten amerikanische Soldaten den Tanz nach Europa, wo er schnell die Jugend begeisterte, aber aufgrund des damaligen Zeitgeistes und der gr\u00f6\u00dftenteils schwarzen Wurzeln in die Hinterzimmer der Tanzschulen und Bars verbannt wurde. Die weitgehende Verdr\u00e4ngung [&hellip;]<\/p>\n","protected":false},"author":11,"featured_media":0,"parent":0,"menu_order":0,"comment_status":"closed","ping_status":"closed","template":"","meta":{"footnotes":""},"class_list":["post-2026","page","type-page","status-publish","hentry"],"_links":{"self":[{"href":"https:\/\/boogie-alligators.de\/wordpress\/wp-json\/wp\/v2\/pages\/2026","targetHints":{"allow":["GET"]}}],"collection":[{"href":"https:\/\/boogie-alligators.de\/wordpress\/wp-json\/wp\/v2\/pages"}],"about":[{"href":"https:\/\/boogie-alligators.de\/wordpress\/wp-json\/wp\/v2\/types\/page"}],"author":[{"embeddable":true,"href":"https:\/\/boogie-alligators.de\/wordpress\/wp-json\/wp\/v2\/users\/11"}],"replies":[{"embeddable":true,"href":"https:\/\/boogie-alligators.de\/wordpress\/wp-json\/wp\/v2\/comments?post=2026"}],"version-history":[{"count":10,"href":"https:\/\/boogie-alligators.de\/wordpress\/wp-json\/wp\/v2\/pages\/2026\/revisions"}],"predecessor-version":[{"id":2970,"href":"https:\/\/boogie-alligators.de\/wordpress\/wp-json\/wp\/v2\/pages\/2026\/revisions\/2970"}],"wp:attachment":[{"href":"https:\/\/boogie-alligators.de\/wordpress\/wp-json\/wp\/v2\/media?parent=2026"}],"curies":[{"name":"wp","href":"https:\/\/api.w.org\/{rel}","templated":true}]}}