{"id":2016,"date":"2014-12-06T22:56:57","date_gmt":"2014-12-06T21:56:57","guid":{"rendered":"http:\/\/boogie-alligators.de\/?page_id=2016"},"modified":"2025-12-21T13:10:39","modified_gmt":"2025-12-21T12:10:39","slug":"boogie-einsteiger","status":"publish","type":"page","link":"https:\/\/boogie-alligators.de\/wordpress\/boogie-einsteiger\/","title":{"rendered":"Boogie Einsteiger"},"content":{"rendered":"<p><strong>Einsteiger-Workshop<\/strong><\/p>\n<p>Bock auf Boogie?<\/p>\n<p>In 3 aufeinander aufbauenden Unterrichtseinheiten, m\u00f6chten wir Euch mit den Grundlagen des Boogie Woogie vertraut machen. Der Workshop ist f\u00fcr Tanz- und Sportbegeisterte jeden Alters geeignet. W\u00e4hrend den 3 Trainingseinheiten, k\u00f6nnt ihr herausfinden ob der Boogie Woogie eure neue Tanzsportart ist. Der n\u00e4chste Workshop wird im Herbst 2025 geplant.<br \/>\n<img loading=\"lazy\" decoding=\"async\" class=\"alignright\" src=\"https:\/\/boogie-alligators.de\/wordpress\/wp-content\/uploads\/1.12_Gators59-1516x2048.jpg\" alt=\"Dieses Bild hat ein leeres Alt-Attribut. Der Dateiname ist 1.12_Gators59-1516x2048.jpg\" width=\"337\" height=\"462\" \/> Der Workshop bietet eine gute Grundlage, um danach an den w\u00f6chentlichen Trainingseinheiten der Boogie Alligators teilzunehmen oder einfach das Gelernte auf der n\u00e4chsten Party zu zeigen.<br \/>\nMitbringen solltet ihr in erster Linie Spa\u00df! Ansonsten bequeme Kleidung, flache leichte Sportschuhe und etwas zu trinken.<\/p>\n<p>Wir sind f\u00fcr Werbung dankbar und freuen uns, wenn die Boogie-Szene im Ruhrpott w\u00e4chst und gedeiht. Falls Ihr also Bekannte habt, die interessiert sein k\u00f6nnten, bitte weitersagen!!!<\/p>\n<p>Bei gen\u00fcgend Vor-Anmeldung, werden wir gemeinsam einen Termin aussuchen. Sendet diese bitte formlos und paarweise per e-mail an: kurs@boogie-alligators.de<\/p>\n<p>Der n\u00e4chste Workshop ist in Planung. Bei Interesse k\u00f6nnt ihr euch gerne paarweise unter <a href=\"mailto:kurs@boogie-alligators.de \"> kurs@boogie-alligators.de <\/a> unverbindlich vormerken lassen \u2013 wir informieren euch dann, sobald der genaue Termin feststeht.<\/p>\n<p>&nbsp;<\/p>\n<p>&nbsp;<\/p>\n<p hidden>\n<strong>Probetraining<\/strong><\/p>\n<p>Alle, die gerne mal reinschnuppern m\u00f6chten, sind herzlich eingeladen, uns beim Training zu besuchen.<\/p>\n<p>Wenn ihr euch f\u00fcr ein Probetraining anmelden wollt oder noch Fragen habt, meldet euch einfach per E-Mail bei Susanne und J\u00fcrgen unter der Adresse <a href=\"mailto:mail@boogie-alligators.de \"> mail@boogie-alligators.de. <\/a><\/p>\n<p>&nbsp;<\/p>\n<p>\n","protected":false},"excerpt":{"rendered":"<p>Einsteiger-Workshop Bock auf Boogie? In 3 aufeinander aufbauenden Unterrichtseinheiten, m\u00f6chten wir Euch mit den Grundlagen des Boogie Woogie vertraut machen. Der Workshop ist f\u00fcr Tanz- und Sportbegeisterte jeden Alters geeignet. W\u00e4hrend den 3 Trainingseinheiten, k\u00f6nnt ihr herausfinden ob der Boogie Woogie eure neue Tanzsportart ist. Der n\u00e4chste Workshop wird im Herbst 2025 geplant. Der Workshop [&hellip;]<\/p>\n","protected":false},"author":11,"featured_media":0,"parent":0,"menu_order":0,"comment_status":"closed","ping_status":"closed","template":"","meta":{"footnotes":""},"class_list":["post-2016","page","type-page","status-publish","hentry"],"_links":{"self":[{"href":"https:\/\/boogie-alligators.de\/wordpress\/wp-json\/wp\/v2\/pages\/2016","targetHints":{"allow":["GET"]}}],"collection":[{"href":"https:\/\/boogie-alligators.de\/wordpress\/wp-json\/wp\/v2\/pages"}],"about":[{"href":"https:\/\/boogie-alligators.de\/wordpress\/wp-json\/wp\/v2\/types\/page"}],"author":[{"embeddable":true,"href":"https:\/\/boogie-alligators.de\/wordpress\/wp-json\/wp\/v2\/users\/11"}],"replies":[{"embeddable":true,"href":"https:\/\/boogie-alligators.de\/wordpress\/wp-json\/wp\/v2\/comments?post=2016"}],"version-history":[{"count":21,"href":"https:\/\/boogie-alligators.de\/wordpress\/wp-json\/wp\/v2\/pages\/2016\/revisions"}],"predecessor-version":[{"id":3134,"href":"https:\/\/boogie-alligators.de\/wordpress\/wp-json\/wp\/v2\/pages\/2016\/revisions\/3134"}],"wp:attachment":[{"href":"https:\/\/boogie-alligators.de\/wordpress\/wp-json\/wp\/v2\/media?parent=2016"}],"curies":[{"name":"wp","href":"https:\/\/api.w.org\/{rel}","templated":true}]}}